{"id":3,"date":"2022-11-07T19:04:11","date_gmt":"2022-11-07T19:04:11","guid":{"rendered":"https:\/\/drgustavolucas.es\/?page_id=3"},"modified":"2023-05-26T19:16:30","modified_gmt":"2023-05-26T19:16:30","slug":"politica-de-privacidade","status":"publish","type":"page","link":"https:\/\/drgustavolucas.es\/en\/politica-de-privacidade\/","title":{"rendered":"Pol\u00edtica de Privacidade"},"content":{"rendered":"<div data-elementor-type=\"wp-page\" data-elementor-id=\"3\" class=\"elementor elementor-3\" data-elementor-post-type=\"page\">\n\t\t\t\t\t\t<section class=\"elementor-section elementor-top-section elementor-element elementor-element-7b2e9c2 elementor-section-height-min-height elementor-section-content-middle elementor-section-boxed elementor-section-height-default elementor-section-items-middle\" data-id=\"7b2e9c2\" data-element_type=\"section\" data-e-type=\"section\" data-settings=\"{&quot;background_background&quot;:&quot;classic&quot;}\">\n\t\t\t\t\t\t\t<div class=\"elementor-background-overlay\"><\/div>\n\t\t\t\t\t\t\t<div class=\"elementor-container elementor-column-gap-default\">\n\t\t\t\t\t<div class=\"elementor-column elementor-col-100 elementor-top-column elementor-element elementor-element-dee8618\" data-id=\"dee8618\" data-element_type=\"column\" data-e-type=\"column\">\n\t\t\t<div class=\"elementor-widget-wrap elementor-element-populated\">\n\t\t\t\t\t\t<div class=\"elementor-element elementor-element-bb73a63 de_scroll_animation_no elementor-invisible elementor-widget elementor-widget-heading\" data-id=\"bb73a63\" data-element_type=\"widget\" data-e-type=\"widget\" data-settings=\"{&quot;_animation&quot;:&quot;fadeInUp&quot;}\" data-widget_type=\"heading.default\">\n\t\t\t\t<div class=\"elementor-widget-container\">\n\t\t\t\t\t<h2 class=\"elementor-heading-title elementor-size-default\">Pol\u00edtica de privacidad<\/h2>\t\t\t\t<\/div>\n\t\t\t\t<\/div>\n\t\t\t\t<div class=\"elementor-element elementor-element-402ef04 de_scroll_animation_no elementor-widget elementor-widget-jkit_heading\" data-id=\"402ef04\" data-element_type=\"widget\" data-e-type=\"widget\" data-widget_type=\"jkit_heading.default\">\n\t\t\t\t<div class=\"elementor-widget-container\">\n\t\t\t\t\t<div  class=\"jeg-elementor-kit jkit-heading  align-center align-tablet- align-mobile- jeg_module___69ffa04ad483d\" ><div class=\"heading-section-title  display-inline-block\"><h2 class=\"heading-title\">Home<span class=\"style-color\"><span>&gt;<\/span><\/span>Pol\u00edtica de privacidad<\/h2><\/div><\/div>\t\t\t\t<\/div>\n\t\t\t\t<\/div>\n\t\t\t\t\t<\/div>\n\t\t<\/div>\n\t\t\t\t\t<\/div>\n\t\t<\/section>\n\t\t\t\t<section class=\"elementor-section elementor-top-section elementor-element elementor-element-7aae68d1 elementor-section-boxed elementor-section-height-default elementor-section-height-default\" data-id=\"7aae68d1\" data-element_type=\"section\" data-e-type=\"section\">\n\t\t\t\t\t\t<div class=\"elementor-container elementor-column-gap-default\">\n\t\t\t\t\t<div class=\"elementor-column elementor-col-100 elementor-top-column elementor-element elementor-element-183ccf41\" data-id=\"183ccf41\" data-element_type=\"column\" data-e-type=\"column\">\n\t\t\t<div class=\"elementor-widget-wrap elementor-element-populated\">\n\t\t\t\t\t\t<div class=\"elementor-element elementor-element-4b0a451 de_scroll_animation_no elementor-widget elementor-widget-text-editor\" data-id=\"4b0a451\" data-element_type=\"widget\" data-e-type=\"widget\" data-widget_type=\"text-editor.default\">\n\t\t\t\t<div class=\"elementor-widget-container\">\n\t\t\t\t\t\t\t\t\t<p><\/p>\n<p>SECCI\u00d3N 1 &#8211; \u00bfQU\u00c9 HACEMOS CON ESTA INFORMACI\u00d3N?<\/p>\n<p>Cuando realiza una transacci\u00f3n con nuestra tienda, como parte del proceso de compra y venta, recopilamos la informaci\u00f3n personal que nos proporciona, como: nombre, correo electr\u00f3nico y direcci\u00f3n.<\/p>\n<p>Cuando accede a nuestro sitio web, tambi\u00e9n recibimos autom\u00e1ticamente el protocolo de Internet de su computadora, la direcci\u00f3n IP, para obtener informaci\u00f3n que nos ayude a conocer su navegador y sistema operativo.<\/p>\n<p>Solo se realizar\u00e1 marketing por correo electr\u00f3nico si usted lo permite. En estos correos electr\u00f3nicos puede recibir noticias sobre nuestra tienda, nuevos productos y otras actualizaciones.<\/p>\n<p>SECCI\u00d3N 2 &#8211; CONSENTIMIENTO<\/p>\n<p>\u00bfC\u00f3mo obtienes mi consentimiento?<\/p>\n<p>Cuando proporciona informaci\u00f3n personal como su nombre, n\u00famero de tel\u00e9fono y direcci\u00f3n para completar: una transacci\u00f3n, verificar su tarjeta de cr\u00e9dito, realizar un pedido, organizar una entrega o devolver una compra. Despu\u00e9s de realizar acciones, entendemos que est\u00e1 de acuerdo con la recopilaci\u00f3n de datos para ser utilizados por nuestra empresa.<\/p>\n<p>Si solicitamos su informaci\u00f3n personal por un motivo secundario, como marketing, le pediremos directamente su consentimiento o le daremos la oportunidad de decir que no.<\/p>\n<p>Y si desea retirar su consentimiento, \u00bfc\u00f3mo proceder?<\/p>\n<p>Si despu\u00e9s de proporcionarnos sus datos, cambia de opini\u00f3n, puede retirar su consentimiento para que nos comuniquemos con usted, para continuar con la recopilaci\u00f3n, el uso o la divulgaci\u00f3n de su informaci\u00f3n, en cualquier momento, comunic\u00e1ndose con nosotros a EMAIL @email.com o envi\u00e1ndonos una carta a:\u00a0NOMBRE\u00a0ubicado en la direcci\u00f3n:\u00a0DIRECCI\u00d3N<\/p>\n<p>SECCI\u00d3N 3 &#8211; DIVULGACI\u00d3N<\/p>\n<p>Podemos divulgar su informaci\u00f3n personal si la ley nos exige que lo hagamos o si viola nuestros T\u00e9rminos de servicio.<\/p>\n<p>SECCI\u00d3N 4 &#8211; SERVICIOS DE TERCEROS<\/p>\n<p>En general, los proveedores externos que utilizamos solo recopilar\u00e1n, usar\u00e1n y divulgar\u00e1n su informaci\u00f3n en la medida necesaria para permitirles realizar los servicios que nos brindan.<\/p>\n<p>Sin embargo, ciertos proveedores de servicios externos, como pasarelas de pago y otros procesadores de transacciones de pago, tienen sus propias pol\u00edticas de privacidad con respecto a la informaci\u00f3n que debemos proporcionarles en relaci\u00f3n con sus transacciones de compra.<\/p>\n<p>Para estos proveedores, le recomendamos que lea sus pol\u00edticas de privacidad para que pueda comprender la manera en que estos proveedores utilizar\u00e1n su informaci\u00f3n personal.<\/p>\n<p>En particular, recuerde que ciertos proveedores pueden estar ubicados o tener instalaciones ubicadas en una jurisdicci\u00f3n diferente a la suya o la nuestra. Por lo tanto, si elige continuar con una transacci\u00f3n que involucra los servicios de un proveedor de servicios externo, entonces su informaci\u00f3n puede quedar sujeta a las leyes de las jurisdicciones en las que se encuentran el proveedor de servicios o sus instalaciones.<\/p>\n<p>Por ejemplo, si se encuentra en Canad\u00e1 y su transacci\u00f3n es procesada por una pasarela de pago ubicada en los Estados Unidos, entonces su informaci\u00f3n personal utilizada para completar esa transacci\u00f3n puede estar sujeta a divulgaci\u00f3n seg\u00fan las leyes de los Estados Unidos, incluida la Ley Patriota.<\/p>\n<p>Una vez que abandona el sitio web de nuestra tienda o es redirigido a un sitio web o aplicaci\u00f3n de un tercero, ya no se rige por esta Pol\u00edtica de privacidad ni por los T\u00e9rminos de servicio de nuestro sitio web.<\/p>\n<p>Enlaces<\/p>\n<p>Cuando hace clic en los enlaces de nuestra tienda, es posible que lo redirijan fuera de nuestro sitio web. No somos responsables de las pr\u00e1cticas de privacidad de otros sitios web y le recomendamos que lea sus declaraciones de privacidad.<\/p>\n<p>SECCI\u00d3N 5 &#8211; SEGURIDAD<\/p>\n<p>Para proteger su informaci\u00f3n personal, tomamos precauciones razonables y seguimos las mejores pr\u00e1cticas de la industria para asegurarnos de que no se pierda, use indebidamente, acceda, divulgue, altere o destruya de manera inapropiada.<\/p>\n<p>Si nos proporciona la informaci\u00f3n de su tarjeta de cr\u00e9dito, esa informaci\u00f3n se cifra mediante la tecnolog\u00eda de capa de conexi\u00f3n segura (SSL) y se almacena con el cifrado AES-256. Si bien ning\u00fan m\u00e9todo de transmisi\u00f3n a trav\u00e9s de Internet o almacenamiento electr\u00f3nico es 100 % seguro, seguimos todos los requisitos de PCI-DSS e implementamos est\u00e1ndares adicionales de la industria generalmente aceptados.<\/p>\n<p>SECCI\u00d3N 6 &#8211; CAMBIOS A ESTA POL\u00cdTICA DE PRIVACIDAD<\/p>\n<p>Nos reservamos el derecho de modificar esta pol\u00edtica de privacidad en cualquier momento, as\u00ed que rev\u00edsela con frecuencia. Los cambios y aclaraciones entrar\u00e1n en vigor inmediatamente despu\u00e9s de su publicaci\u00f3n en el sitio web. Si realizamos cambios sustanciales a esta pol\u00edtica, le notificaremos aqu\u00ed que se han actualizado para que sepa qu\u00e9 informaci\u00f3n recopilamos, c\u00f3mo la usamos y en qu\u00e9 circunstancias, si corresponde, la usamos y\/o divulgamos. .<\/p>\n<p>Si nuestra tienda es adquirida o fusionada con otra empresa, su informaci\u00f3n puede transferirse a los nuevos propietarios para que podamos continuar vendi\u00e9ndole productos.<\/p>\n<p><\/p>\t\t\t\t\t\t\t\t<\/div>\n\t\t\t\t<\/div>\n\t\t\t\t\t<\/div>\n\t\t<\/div>\n\t\t\t\t\t<\/div>\n\t\t<\/section>\n\t\t\t\t<\/div>","protected":false},"excerpt":{"rendered":"<p>Pol\u00edtica de privacidad Home&gt;Pol\u00edtica de privacidad SECCI\u00d3N 1 &#8211; \u00bfQU\u00c9 HACEMOS CON ESTA INFORMACI\u00d3N? Cuando realiza una transacci\u00f3n con nuestra tienda, como parte del proceso de compra y venta, recopilamos la informaci\u00f3n personal que nos proporciona, como: nombre, correo electr\u00f3nico y direcci\u00f3n. Cuando accede a nuestro sitio web, tambi\u00e9n recibimos autom\u00e1ticamente el protocolo de Internet [&hellip;]<\/p>\n","protected":false},"author":1,"featured_media":0,"parent":0,"menu_order":0,"comment_status":"closed","ping_status":"open","template":"elementor_header_footer","meta":{"footnotes":""},"class_list":["post-3","page","type-page","status-publish","hentry"],"blocksy_meta":{"styles_descriptor":{"styles":{"desktop":"","tablet":"","mobile":""},"google_fonts":[],"version":6}},"_links":{"self":[{"href":"https:\/\/drgustavolucas.es\/en\/wp-json\/wp\/v2\/pages\/3","targetHints":{"allow":["GET"]}}],"collection":[{"href":"https:\/\/drgustavolucas.es\/en\/wp-json\/wp\/v2\/pages"}],"about":[{"href":"https:\/\/drgustavolucas.es\/en\/wp-json\/wp\/v2\/types\/page"}],"author":[{"embeddable":true,"href":"https:\/\/drgustavolucas.es\/en\/wp-json\/wp\/v2\/users\/1"}],"replies":[{"embeddable":true,"href":"https:\/\/drgustavolucas.es\/en\/wp-json\/wp\/v2\/comments?post=3"}],"version-history":[{"count":7,"href":"https:\/\/drgustavolucas.es\/en\/wp-json\/wp\/v2\/pages\/3\/revisions"}],"predecessor-version":[{"id":1135,"href":"https:\/\/drgustavolucas.es\/en\/wp-json\/wp\/v2\/pages\/3\/revisions\/1135"}],"wp:attachment":[{"href":"https:\/\/drgustavolucas.es\/en\/wp-json\/wp\/v2\/media?parent=3"}],"curies":[{"name":"wp","href":"https:\/\/api.w.org\/{rel}","templated":true}]}}