{"id":629,"date":"2023-05-17T18:26:42","date_gmt":"2023-05-17T18:26:42","guid":{"rendered":"https:\/\/drgustavolucas.es\/?page_id=629"},"modified":"2026-01-07T20:05:08","modified_gmt":"2026-01-07T20:05:08","slug":"ecografia-musculoesqueletica","status":"publish","type":"page","link":"https:\/\/drgustavolucas.es\/en\/ecografia-musculoesqueletica\/","title":{"rendered":"Musculoskeletal Ultrasound"},"content":{"rendered":"<div data-elementor-type=\"wp-page\" data-elementor-id=\"629\" class=\"elementor elementor-629\" data-elementor-post-type=\"page\">\n\t\t\t\t\t\t<section class=\"elementor-section elementor-top-section elementor-element elementor-element-32224478 elementor-section-height-min-height elementor-section-content-middle elementor-section-boxed elementor-section-height-default elementor-section-items-middle\" data-id=\"32224478\" data-element_type=\"section\" data-e-type=\"section\" data-settings=\"{&quot;background_background&quot;:&quot;classic&quot;}\">\n\t\t\t\t\t\t\t<div class=\"elementor-background-overlay\"><\/div>\n\t\t\t\t\t\t\t<div class=\"elementor-container elementor-column-gap-default\">\n\t\t\t\t\t<div class=\"elementor-column elementor-col-100 elementor-top-column elementor-element elementor-element-6a8fc925\" data-id=\"6a8fc925\" data-element_type=\"column\" data-e-type=\"column\">\n\t\t\t<div class=\"elementor-widget-wrap elementor-element-populated\">\n\t\t\t\t\t\t<div class=\"elementor-element elementor-element-2b5af2ff de_scroll_animation_no elementor-invisible elementor-widget elementor-widget-heading\" data-id=\"2b5af2ff\" data-element_type=\"widget\" data-e-type=\"widget\" data-settings=\"{&quot;_animation&quot;:&quot;fadeInUp&quot;}\" data-widget_type=\"heading.default\">\n\t\t\t\t<div class=\"elementor-widget-container\">\n\t\t\t\t\t<h2 class=\"elementor-heading-title elementor-size-default\">Musculoskeletal ultrasound.<\/h2>\t\t\t\t<\/div>\n\t\t\t\t<\/div>\n\t\t\t\t<div class=\"elementor-element elementor-element-23c124c de_scroll_animation_no elementor-widget elementor-widget-jkit_heading\" data-id=\"23c124c\" data-element_type=\"widget\" data-e-type=\"widget\" data-widget_type=\"jkit_heading.default\">\n\t\t\t\t<div class=\"elementor-widget-container\">\n\t\t\t\t\t<div  class=\"jeg-elementor-kit jkit-heading  align-center align-tablet- align-mobile- jeg_module___69ff654930158\" ><div class=\"heading-section-title  display-inline-block\"><h2 class=\"heading-title\">Home<span class=\"style-color\"><span>&gt;<\/span><\/span>Musculoskeletal Ultrasound<\/h2><\/div><\/div>\t\t\t\t<\/div>\n\t\t\t\t<\/div>\n\t\t\t\t\t<\/div>\n\t\t<\/div>\n\t\t\t\t\t<\/div>\n\t\t<\/section>\n\t\t\t\t<section class=\"elementor-section elementor-top-section elementor-element elementor-element-6c575d29 elementor-section-boxed elementor-section-height-default elementor-section-height-default\" data-id=\"6c575d29\" data-element_type=\"section\" data-e-type=\"section\">\n\t\t\t\t\t\t<div class=\"elementor-container elementor-column-gap-default\">\n\t\t\t\t\t<div class=\"elementor-column elementor-col-100 elementor-top-column elementor-element elementor-element-44d8f8db\" data-id=\"44d8f8db\" data-element_type=\"column\" data-e-type=\"column\">\n\t\t\t<div class=\"elementor-widget-wrap elementor-element-populated\">\n\t\t\t\t\t\t<div class=\"elementor-element elementor-element-fbf8530 de_scroll_animation_no elementor-invisible elementor-widget elementor-widget-text-editor\" data-id=\"fbf8530\" data-element_type=\"widget\" data-e-type=\"widget\" data-settings=\"{&quot;_animation&quot;:&quot;fadeInUp&quot;}\" data-widget_type=\"text-editor.default\">\n\t\t\t\t<div class=\"elementor-widget-container\">\n\t\t\t\t\t\t\t\t\t<p><span style=\"font-weight: 400;\">Musculoskeletal ultrasound is a harmless, non-invasive procedure that enables highly precise\nassessment of the locomotor system. It allows detailed visualization of various musculoskeletal\nstructures, including muscles, tendons, ligaments, bursae, cartilage, and bone surfaces.<\/span><\/p><p><span style=\"font-weight: 400;\">It represents a fundamental tool in the evaluation of most soft-tissue injuries and is particularly\nvaluable in the <\/span><b>diagnosis and management of injuries<\/b><span style=\"font-weight: 400;\"> sustained during physical exercise and\nsports activities.<\/span><\/p><p><span style=\"font-weight: 400;\">This technique facilitates a more accurate diagnosis and the initiation of immediate treatment, thereby shortening the patient\u2019s recovery time.<\/span><\/p><p><span style=\"font-weight: 400;\">The\u00a0<\/span><b>Ultrasound guidance for joint infiltration\u00a0<\/b><span style=\"font-weight: 400;\">(ultrasound-guided injections) is especially important, as it improves localization, minimizes risks, and ensures that the injected substance reaches the intended target with precision.<\/span><\/p><p><span style=\"font-weight: 400;\">Musculoskeletal ultrasound can\u2014and should\u2014be performed periodically to monitor the\nprogression of injured structures and the effectiveness of the treatment provided.<\/span><\/p>\t\t\t\t\t\t\t\t<\/div>\n\t\t\t\t<\/div>\n\t\t\t\t<section class=\"elementor-section elementor-inner-section elementor-element elementor-element-5ef9eb05 elementor-section-boxed elementor-section-height-default elementor-section-height-default\" data-id=\"5ef9eb05\" data-element_type=\"section\" data-e-type=\"section\">\n\t\t\t\t\t\t<div class=\"elementor-container elementor-column-gap-default\">\n\t\t\t\t\t<div class=\"elementor-column elementor-col-100 elementor-inner-column elementor-element elementor-element-370ff08c\" data-id=\"370ff08c\" data-element_type=\"column\" data-e-type=\"column\">\n\t\t\t<div class=\"elementor-widget-wrap elementor-element-populated\">\n\t\t\t\t\t\t<div class=\"elementor-element elementor-element-1152dc7e de_scroll_animation_no elementor-invisible elementor-widget elementor-widget-image\" data-id=\"1152dc7e\" data-element_type=\"widget\" data-e-type=\"widget\" data-settings=\"{&quot;_animation&quot;:&quot;fadeInUp&quot;}\" data-widget_type=\"image.default\">\n\t\t\t\t<div class=\"elementor-widget-container\">\n\t\t\t\t\t\t\t\t\t\t\t\t\t\t\t<img fetchpriority=\"high\" decoding=\"async\" width=\"615\" height=\"768\" src=\"https:\/\/drgustavolucas.es\/wp-content\/uploads\/2023\/05\/4-Ecografia-Musculoesqueletica-Copy.webp\" class=\"attachment-large size-large wp-image-442\" alt=\"\" srcset=\"https:\/\/drgustavolucas.es\/wp-content\/uploads\/2023\/05\/4-Ecografia-Musculoesqueletica-Copy.webp 615w, https:\/\/drgustavolucas.es\/wp-content\/uploads\/2023\/05\/4-Ecografia-Musculoesqueletica-Copy-240x300.webp 240w\" sizes=\"(max-width: 615px) 100vw, 615px\" \/>\t\t\t\t\t\t\t\t\t\t\t\t\t\t\t<\/div>\n\t\t\t\t<\/div>\n\t\t\t\t\t<\/div>\n\t\t<\/div>\n\t\t\t\t\t<\/div>\n\t\t<\/section>\n\t\t\t\t\t<\/div>\n\t\t<\/div>\n\t\t\t\t\t<\/div>\n\t\t<\/section>\n\t\t\t\t<\/div>","protected":false},"excerpt":{"rendered":"<p>Ecograf\u00eda m\u00fasculoesquel\u00e9tica Home&gt;Ecograf\u00eda M\u00fasculoesquel\u00e9tica La ecograf\u00eda musculoesquel\u00e9tica es un procedimiento inocuo que facilita una exploraci\u00f3n muy precisa del aparato locomotor. Ofrece la posibilidad de explorar diversas estructuras del sistema musculoesquel\u00e9tico como m\u00fasculos, tendones, ligamentos, bursas, cart\u00edlagos y superficies de huesos, fundamentalmente. Constituye un pilar b\u00e1sico en el estudio de la mayor\u00eda de las lesiones de [&hellip;]<\/p>\n","protected":false},"author":1,"featured_media":1467,"parent":0,"menu_order":0,"comment_status":"closed","ping_status":"closed","template":"elementor_header_footer","meta":{"footnotes":""},"class_list":["post-629","page","type-page","status-publish","has-post-thumbnail","hentry"],"blocksy_meta":[],"_links":{"self":[{"href":"https:\/\/drgustavolucas.es\/en\/wp-json\/wp\/v2\/pages\/629","targetHints":{"allow":["GET"]}}],"collection":[{"href":"https:\/\/drgustavolucas.es\/en\/wp-json\/wp\/v2\/pages"}],"about":[{"href":"https:\/\/drgustavolucas.es\/en\/wp-json\/wp\/v2\/types\/page"}],"author":[{"embeddable":true,"href":"https:\/\/drgustavolucas.es\/en\/wp-json\/wp\/v2\/users\/1"}],"replies":[{"embeddable":true,"href":"https:\/\/drgustavolucas.es\/en\/wp-json\/wp\/v2\/comments?post=629"}],"version-history":[{"count":25,"href":"https:\/\/drgustavolucas.es\/en\/wp-json\/wp\/v2\/pages\/629\/revisions"}],"predecessor-version":[{"id":1432,"href":"https:\/\/drgustavolucas.es\/en\/wp-json\/wp\/v2\/pages\/629\/revisions\/1432"}],"wp:featuredmedia":[{"embeddable":true,"href":"https:\/\/drgustavolucas.es\/en\/wp-json\/wp\/v2\/media\/1467"}],"wp:attachment":[{"href":"https:\/\/drgustavolucas.es\/en\/wp-json\/wp\/v2\/media?parent=629"}],"curies":[{"name":"wp","href":"https:\/\/api.w.org\/{rel}","templated":true}]}}