{"id":645,"date":"2023-05-19T19:17:43","date_gmt":"2023-05-19T19:17:43","guid":{"rendered":"https:\/\/drgustavolucas.es\/?page_id=645"},"modified":"2023-07-03T13:47:44","modified_gmt":"2023-07-03T13:47:44","slug":"optimizacion","status":"publish","type":"page","link":"https:\/\/drgustavolucas.es\/en\/optimizacion\/","title":{"rendered":"Optimization"},"content":{"rendered":"<div data-elementor-type=\"wp-page\" data-elementor-id=\"645\" class=\"elementor elementor-645\" data-elementor-post-type=\"page\">\n\t\t\t\t\t\t<section class=\"elementor-section elementor-top-section elementor-element elementor-element-32224478 elementor-section-height-min-height elementor-section-content-middle elementor-section-boxed elementor-section-height-default elementor-section-items-middle\" data-id=\"32224478\" data-element_type=\"section\" data-e-type=\"section\" data-settings=\"{&quot;background_background&quot;:&quot;classic&quot;}\">\n\t\t\t\t\t\t\t<div class=\"elementor-background-overlay\"><\/div>\n\t\t\t\t\t\t\t<div class=\"elementor-container elementor-column-gap-default\">\n\t\t\t\t\t<div class=\"elementor-column elementor-col-100 elementor-top-column elementor-element elementor-element-6a8fc925\" data-id=\"6a8fc925\" data-element_type=\"column\" data-e-type=\"column\">\n\t\t\t<div class=\"elementor-widget-wrap elementor-element-populated\">\n\t\t\t\t\t\t<div class=\"elementor-element elementor-element-2b5af2ff de_scroll_animation_no elementor-invisible elementor-widget elementor-widget-heading\" data-id=\"2b5af2ff\" data-element_type=\"widget\" data-e-type=\"widget\" data-settings=\"{&quot;_animation&quot;:&quot;fadeInUp&quot;}\" data-widget_type=\"heading.default\">\n\t\t\t\t<div class=\"elementor-widget-container\">\n\t\t\t\t\t<h2 class=\"elementor-heading-title elementor-size-default\">Sports Performance Optimization<\/h2>\t\t\t\t<\/div>\n\t\t\t\t<\/div>\n\t\t\t\t<div class=\"elementor-element elementor-element-23c124c de_scroll_animation_no elementor-widget elementor-widget-jkit_heading\" data-id=\"23c124c\" data-element_type=\"widget\" data-e-type=\"widget\" data-widget_type=\"jkit_heading.default\">\n\t\t\t\t<div class=\"elementor-widget-container\">\n\t\t\t\t\t<div  class=\"jeg-elementor-kit jkit-heading  align-center align-tablet- align-mobile- jeg_module___69ff56dc66154\" ><div class=\"heading-section-title  display-inline-block\"><h2 class=\"heading-title\">Home<span class=\"style-color\"><span>&gt;<\/span><\/span>Sports Performance Optimization<\/h2><\/div><\/div>\t\t\t\t<\/div>\n\t\t\t\t<\/div>\n\t\t\t\t\t<\/div>\n\t\t<\/div>\n\t\t\t\t\t<\/div>\n\t\t<\/section>\n\t\t\t\t<section class=\"elementor-section elementor-top-section elementor-element elementor-element-6c575d29 elementor-section-boxed elementor-section-height-default elementor-section-height-default\" data-id=\"6c575d29\" data-element_type=\"section\" data-e-type=\"section\">\n\t\t\t\t\t\t<div class=\"elementor-container elementor-column-gap-default\">\n\t\t\t\t\t<div class=\"elementor-column elementor-col-100 elementor-top-column elementor-element elementor-element-44d8f8db\" data-id=\"44d8f8db\" data-element_type=\"column\" data-e-type=\"column\">\n\t\t\t<div class=\"elementor-widget-wrap elementor-element-populated\">\n\t\t\t\t\t\t<div class=\"elementor-element elementor-element-382f4583 de_scroll_animation_no elementor-invisible elementor-widget elementor-widget-text-editor\" data-id=\"382f4583\" data-element_type=\"widget\" data-e-type=\"widget\" data-settings=\"{&quot;_animation&quot;:&quot;fadeInUp&quot;}\" data-widget_type=\"text-editor.default\">\n\t\t\t\t<div class=\"elementor-widget-container\">\n\t\t\t\t\t\t\t\t\t<p><span style=\"font-weight: 400;\">Sports performance optimization, also referred to as performance adjustment,\u00a0<\/span><span style=\"font-weight: 400;\">involves implementing targeted modifications in the athlete\u2019s current condition to enable more\neffective training and competition.<\/span><\/p><p><span style=\"font-weight: 400;\">The physician evaluates <\/span><span style=\"font-weight: 400;\">the athlete and recommends strategies and specific adjustments to optimize performance based on the individual\u2019s context. This assessment includes training load, sleep quality, nutrition, hydration, supplementation needs, and mental\nhealth.<\/span><\/p>\t\t\t\t\t\t\t\t<\/div>\n\t\t\t\t<\/div>\n\t\t\t\t<section class=\"elementor-section elementor-inner-section elementor-element elementor-element-5ef9eb05 elementor-section-boxed elementor-section-height-default elementor-section-height-default\" data-id=\"5ef9eb05\" data-element_type=\"section\" data-e-type=\"section\">\n\t\t\t\t\t\t<div class=\"elementor-container elementor-column-gap-default\">\n\t\t\t\t\t<div class=\"elementor-column elementor-col-100 elementor-inner-column elementor-element elementor-element-370ff08c\" data-id=\"370ff08c\" data-element_type=\"column\" data-e-type=\"column\">\n\t\t\t<div class=\"elementor-widget-wrap elementor-element-populated\">\n\t\t\t\t\t\t<div class=\"elementor-element elementor-element-1152dc7e de_scroll_animation_no elementor-invisible elementor-widget elementor-widget-image\" data-id=\"1152dc7e\" data-element_type=\"widget\" data-e-type=\"widget\" data-settings=\"{&quot;_animation&quot;:&quot;fadeInUp&quot;}\" data-widget_type=\"image.default\">\n\t\t\t\t<div class=\"elementor-widget-container\">\n\t\t\t\t\t\t\t\t\t\t\t\t\t\t\t<img fetchpriority=\"high\" decoding=\"async\" width=\"614\" height=\"768\" src=\"https:\/\/drgustavolucas.es\/wp-content\/uploads\/2023\/05\/6-Optimizacion-del-rendimiento-Copy.webp\" class=\"attachment-large size-large wp-image-444\" alt=\"\" srcset=\"https:\/\/drgustavolucas.es\/wp-content\/uploads\/2023\/05\/6-Optimizacion-del-rendimiento-Copy.webp 614w, https:\/\/drgustavolucas.es\/wp-content\/uploads\/2023\/05\/6-Optimizacion-del-rendimiento-Copy-240x300.webp 240w\" sizes=\"(max-width: 614px) 100vw, 614px\" \/>\t\t\t\t\t\t\t\t\t\t\t\t\t\t\t<\/div>\n\t\t\t\t<\/div>\n\t\t\t\t\t<\/div>\n\t\t<\/div>\n\t\t\t\t\t<\/div>\n\t\t<\/section>\n\t\t\t\t\t<\/div>\n\t\t<\/div>\n\t\t\t\t\t<\/div>\n\t\t<\/section>\n\t\t\t\t<\/div>","protected":false},"excerpt":{"rendered":"<p>Optimizaci\u00f3n del rendimiento deportivo Home&gt;Optimizaci\u00f3n Del Rendimiento Deportivo La optimizaci\u00f3n del rendimiento, tambi\u00e9n conocida como ajuste del rendimiento,\u00a0implica la realizaci\u00f3n de cambios en el estado actual del paciente para que pueda entrenar y competir de forma m\u00e1s eficaz. El doctor eval\u00faa el deportista y propone cambios y estrategias para optimizar su rendimiento deportivo en base [&hellip;]<\/p>\n","protected":false},"author":1,"featured_media":0,"parent":0,"menu_order":0,"comment_status":"closed","ping_status":"closed","template":"elementor_header_footer","meta":{"footnotes":""},"class_list":["post-645","page","type-page","status-publish","hentry"],"blocksy_meta":[],"_links":{"self":[{"href":"https:\/\/drgustavolucas.es\/en\/wp-json\/wp\/v2\/pages\/645","targetHints":{"allow":["GET"]}}],"collection":[{"href":"https:\/\/drgustavolucas.es\/en\/wp-json\/wp\/v2\/pages"}],"about":[{"href":"https:\/\/drgustavolucas.es\/en\/wp-json\/wp\/v2\/types\/page"}],"author":[{"embeddable":true,"href":"https:\/\/drgustavolucas.es\/en\/wp-json\/wp\/v2\/users\/1"}],"replies":[{"embeddable":true,"href":"https:\/\/drgustavolucas.es\/en\/wp-json\/wp\/v2\/comments?post=645"}],"version-history":[{"count":19,"href":"https:\/\/drgustavolucas.es\/en\/wp-json\/wp\/v2\/pages\/645\/revisions"}],"predecessor-version":[{"id":1438,"href":"https:\/\/drgustavolucas.es\/en\/wp-json\/wp\/v2\/pages\/645\/revisions\/1438"}],"wp:attachment":[{"href":"https:\/\/drgustavolucas.es\/en\/wp-json\/wp\/v2\/media?parent=645"}],"curies":[{"name":"wp","href":"https:\/\/api.w.org\/{rel}","templated":true}]}}